{"id":846,"date":"2021-01-18T14:56:32","date_gmt":"2021-01-18T13:56:32","guid":{"rendered":"http:\/\/arsmedicaradymno.pl\/?page_id=846"},"modified":"2021-01-20T10:31:19","modified_gmt":"2021-01-20T09:31:19","slug":"srodowisko-rodzinny","status":"publish","type":"page","link":"https:\/\/arsmedicaradymno.pl\/?page_id=846","title":{"rendered":"Piel\u0119gniarki \u015brodowiskowo &#8211; rodzinnej"},"content":{"rendered":"\t\t<div data-elementor-type=\"wp-page\" data-elementor-id=\"846\" class=\"elementor elementor-846\">\n\t\t\t\t\t\t<section class=\"elementor-section elementor-top-section elementor-element elementor-element-05d3f57 elementor-section-boxed elementor-section-height-default elementor-section-height-default\" data-id=\"05d3f57\" data-element_type=\"section\">\n\t\t\t\t\t\t<div class=\"elementor-container elementor-column-gap-default\">\n\t\t\t\t\t<div class=\"elementor-column elementor-col-100 elementor-top-column elementor-element elementor-element-fd5cf1f\" data-id=\"fd5cf1f\" data-element_type=\"column\">\n\t\t\t<div class=\"elementor-widget-wrap elementor-element-populated\">\n\t\t\t\t\t\t<div class=\"elementor-element elementor-element-43dc6f7 elementor-widget elementor-widget-text-editor\" data-id=\"43dc6f7\" data-element_type=\"widget\" data-widget_type=\"text-editor.default\">\n\t\t\t\t<div class=\"elementor-widget-container\">\n\t\t\t\t\t\t\t\t\t<h2>Gabinet piel\u0119gniarki \u015brodowiskwo &#8211; rodzinnej<\/h2><h2>\u00a0<\/h2><h2>piel\u0119gniarka Maria Sudo\u0142<\/h2><h2>piel\u0119gniarka Bogumi\u0142a Piro\u017cek<\/h2><h2>piel\u0119gniarka Zofia Muszak<\/h2>\t\t\t\t\t\t\t\t<\/div>\n\t\t\t\t<\/div>\n\t\t\t\t\t<\/div>\n\t\t<\/div>\n\t\t\t\t\t<\/div>\n\t\t<\/section>\n\t\t\t\t<\/div>\n\t\t","protected":false},"excerpt":{"rendered":"<p>Gabinet piel\u0119gniarki \u015brodowiskwo &#8211; rodzinnej &nbsp; piel\u0119gniarka Maria Sudo\u0142 piel\u0119gniarka Bogumi\u0142a Piro\u017cek piel\u0119gniarka Zofia Muszak<\/p>\n","protected":false},"author":1,"featured_media":0,"parent":0,"menu_order":0,"comment_status":"closed","ping_status":"closed","template":"","meta":{"footnotes":""},"class_list":["post-846","page","type-page","status-publish","hentry"],"_links":{"self":[{"href":"https:\/\/arsmedicaradymno.pl\/index.php?rest_route=\/wp\/v2\/pages\/846","targetHints":{"allow":["GET"]}}],"collection":[{"href":"https:\/\/arsmedicaradymno.pl\/index.php?rest_route=\/wp\/v2\/pages"}],"about":[{"href":"https:\/\/arsmedicaradymno.pl\/index.php?rest_route=\/wp\/v2\/types\/page"}],"author":[{"embeddable":true,"href":"https:\/\/arsmedicaradymno.pl\/index.php?rest_route=\/wp\/v2\/users\/1"}],"replies":[{"embeddable":true,"href":"https:\/\/arsmedicaradymno.pl\/index.php?rest_route=%2Fwp%2Fv2%2Fcomments&post=846"}],"version-history":[{"count":16,"href":"https:\/\/arsmedicaradymno.pl\/index.php?rest_route=\/wp\/v2\/pages\/846\/revisions"}],"predecessor-version":[{"id":897,"href":"https:\/\/arsmedicaradymno.pl\/index.php?rest_route=\/wp\/v2\/pages\/846\/revisions\/897"}],"wp:attachment":[{"href":"https:\/\/arsmedicaradymno.pl\/index.php?rest_route=%2Fwp%2Fv2%2Fmedia&parent=846"}],"curies":[{"name":"wp","href":"https:\/\/api.w.org\/{rel}","templated":true}]}}